{"id":27,"date":"2012-10-08T19:45:17","date_gmt":"2012-10-08T17:45:17","guid":{"rendered":"http:\/\/www.brigitte-pitztal.at\/wp\/?page_id=27"},"modified":"2023-03-11T13:30:56","modified_gmt":"2023-03-11T11:30:56","slug":"biken-und-klettern","status":"publish","type":"page","link":"https:\/\/www.brigitte-pitztal.at\/wp\/biken-und-klettern\/","title":{"rendered":"Biken und Klettern"},"content":{"rendered":"<p>Auch zum <strong>Klettern<\/strong> und <strong>Mountainbiken<\/strong> ist das Pitztal bestens geeignet. Unsere <strong>Klettersteige<\/strong> und <strong>Kletterg\u00e4rten<\/strong> sind f\u00fcr Anf\u00e4nger und leicht Fortgeschrittene gut zu bew\u00e4ltigen.\u00a0Die Anlagen bieten einen perfekten Einstieg in die Welt des Sportkletterns und sind einfach zu erreichen. Die Pitztaler Bikerouten bieten neben traumhaften Ausblicken, auch Herausforderungen f\u00fcr ge\u00fcbte Sportler.<\/p>\n<p><strong>Klettern:<\/strong><\/p>\n<ul>\n<li>Sportkletterrouten: 150 Routen, Mehrseill\u00e4ngen: 7 Routen, Klettersteige: 5 Routen<\/li>\n<li>Gestein: Granit<\/li>\n<li>Klettern f\u00fcr Kinder \u2013 <a href=\"http:\/\/www.alpincenter-pitztal.com\/pitzis-kinderclub\/\" target=\"_blank\" rel=\"noopener\">Pitzi Kletterfelsen am Hochzeiger<\/a><\/li>\n<li>Weitere Informationen auf <a title=\"Climbers Paradise Pitztal\" href=\"http:\/\/www.climbers-paradise.com\/regionen\/pitztal\/\" target=\"_blank\" rel=\"noopener\">Climbers Paradise<\/a><\/li>\n<li>Weitere Informationen beim <a title=\"Klettern im Pitztal\" href=\"http:\/\/www.pitztal.com\/de\/bergsommer\/klettern\" target=\"_blank\" rel=\"noopener\">Tourismusverband Pitztal<\/a><\/li>\n<li>Angebote, Kurse und vieles mehr beim <a title=\"Alpincenter Pitztal\" href=\"http:\/\/www.alpincenter-pitztal.com\/\" target=\"_blank\" rel=\"noopener\">Alpin Center Hochzeiger Pitztal<\/a><\/li>\n<\/ul>\n<p><strong>Mountainbike:<\/strong><\/p>\n<blockquote>\n<ul>\n<li>Weitere Informationen beim <a title=\"Bike im Pitztal\" href=\"http:\/\/www.pitztal.com\/de\/bergsommer\/mountainbiken\" target=\"_blank\" rel=\"noopener\">Tourismusverband Pitztal<\/a><\/li>\n<\/ul>\n<\/blockquote>\n<div id='gallery-1' class='gallery galleryid-27 gallery-columns-5 gallery-size-thumbnail'><figure class='gallery-item'>\n\t\t\t<div class='gallery-icon landscape'>\n\t\t\t\t<a href='https:\/\/www.brigitte-pitztal.at\/wp\/wp-content\/uploads\/2012\/10\/Bike_Klettern_Pitztal-4.jpg'><img loading=\"lazy\" decoding=\"async\" width=\"150\" height=\"150\" src=\"https:\/\/www.brigitte-pitztal.at\/wp\/wp-content\/uploads\/2012\/10\/Bike_Klettern_Pitztal-4-150x150.jpg\" class=\"attachment-thumbnail size-thumbnail\" alt=\"\" \/><\/a>\n\t\t\t<\/div><\/figure><figure class='gallery-item'>\n\t\t\t<div class='gallery-icon landscape'>\n\t\t\t\t<a href='https:\/\/www.brigitte-pitztal.at\/wp\/wp-content\/uploads\/2012\/10\/Bike_Klettern_Pitztal-2.jpg'><img loading=\"lazy\" decoding=\"async\" width=\"150\" height=\"150\" src=\"https:\/\/www.brigitte-pitztal.at\/wp\/wp-content\/uploads\/2012\/10\/Bike_Klettern_Pitztal-2-150x150.jpg\" class=\"attachment-thumbnail size-thumbnail\" alt=\"\" \/><\/a>\n\t\t\t<\/div><\/figure><figure class='gallery-item'>\n\t\t\t<div class='gallery-icon landscape'>\n\t\t\t\t<a href='https:\/\/www.brigitte-pitztal.at\/wp\/wp-content\/uploads\/2012\/10\/Bike_Klettern_Pitztal-5.jpg'><img loading=\"lazy\" decoding=\"async\" width=\"150\" height=\"150\" src=\"https:\/\/www.brigitte-pitztal.at\/wp\/wp-content\/uploads\/2012\/10\/Bike_Klettern_Pitztal-5-150x150.jpg\" class=\"attachment-thumbnail size-thumbnail\" alt=\"\" \/><\/a>\n\t\t\t<\/div><\/figure><figure class='gallery-item'>\n\t\t\t<div class='gallery-icon landscape'>\n\t\t\t\t<a href='https:\/\/www.brigitte-pitztal.at\/wp\/wp-content\/uploads\/2012\/10\/Bike_Klettern_Pitztal-1.jpg'><img loading=\"lazy\" decoding=\"async\" width=\"150\" height=\"150\" src=\"https:\/\/www.brigitte-pitztal.at\/wp\/wp-content\/uploads\/2012\/10\/Bike_Klettern_Pitztal-1-150x150.jpg\" class=\"attachment-thumbnail size-thumbnail\" alt=\"\" aria-describedby=\"gallery-1-312\" \/><\/a>\n\t\t\t<\/div>\n\t\t\t\t<figcaption class='wp-caption-text gallery-caption' id='gallery-1-312'>\n\t\t\t\tPitzi&#8217;s Kinderclub f\u00fcr die aktiven Kinder beim Familienurlaub in Tirol\n\t\t\t\t<\/figcaption><\/figure>\n\t\t<\/div>\n\n","protected":false},"excerpt":{"rendered":"<p>Auch zum Klettern und Mountainbiken ist das Pitztal bestens geeignet. Unsere Klettersteige und Kletterg\u00e4rten sind f\u00fcr Anf\u00e4nger und leicht Fortgeschrittene <\/p>\n","protected":false},"author":1,"featured_media":0,"parent":0,"menu_order":0,"comment_status":"closed","ping_status":"closed","template":"","meta":{"footnotes":""},"_links":{"self":[{"href":"https:\/\/www.brigitte-pitztal.at\/wp\/wp-json\/wp\/v2\/pages\/27"}],"collection":[{"href":"https:\/\/www.brigitte-pitztal.at\/wp\/wp-json\/wp\/v2\/pages"}],"about":[{"href":"https:\/\/www.brigitte-pitztal.at\/wp\/wp-json\/wp\/v2\/types\/page"}],"author":[{"embeddable":true,"href":"https:\/\/www.brigitte-pitztal.at\/wp\/wp-json\/wp\/v2\/users\/1"}],"replies":[{"embeddable":true,"href":"https:\/\/www.brigitte-pitztal.at\/wp\/wp-json\/wp\/v2\/comments?post=27"}],"version-history":[{"count":17,"href":"https:\/\/www.brigitte-pitztal.at\/wp\/wp-json\/wp\/v2\/pages\/27\/revisions"}],"predecessor-version":[{"id":4559,"href":"https:\/\/www.brigitte-pitztal.at\/wp\/wp-json\/wp\/v2\/pages\/27\/revisions\/4559"}],"wp:attachment":[{"href":"https:\/\/www.brigitte-pitztal.at\/wp\/wp-json\/wp\/v2\/media?parent=27"}],"curies":[{"name":"wp","href":"https:\/\/api.w.org\/{rel}","templated":true}]}}