{"id":39,"date":"2012-10-08T19:45:17","date_gmt":"2012-10-08T17:45:17","guid":{"rendered":"http:\/\/www.brigitte-pitztal.at\/wp\/?page_id=39"},"modified":"2016-11-16T16:02:38","modified_gmt":"2016-11-16T14:02:38","slug":"bergwinter","status":"publish","type":"page","link":"https:\/\/www.brigitte-pitztal.at\/wp\/bergwinter\/","title":{"rendered":"Bergwinter im Pitztal"},"content":{"rendered":"<div id=\"pl-39\"  class=\"panel-layout\" ><div id=\"pg-39-0\"  class=\"panel-grid panel-no-style\" ><div id=\"pgc-39-0-0\"  class=\"panel-grid-cell\" ><div id=\"panel-39-0-0-0\" class=\"so-panel widget widget_sow-editor panel-first-child panel-last-child\" data-index=\"0\" ><div\n\t\t\t\n\t\t\tclass=\"so-widget-sow-editor so-widget-sow-editor-base\"\n\t\t\t\n\t\t>\n<div class=\"siteorigin-widget-tinymce textwidget\">\n\t<p>Das <strong>Pitztal<\/strong> ist die ideale Region f\u00fcr einen erholsamen, sportlichen und atemberaubenden Winterurlaub. <strong>Genie\u00dfen Sie das familienfreundliche Skigebiet am <a href=\"http:\/\/www.hochzeiger.com\" target=\"_blank\">Hochzeiger<\/a> oder den h\u00f6chsten <a href=\"http:\/\/www.pitztaler-gletscher.at\/de\" target=\"_blank\">Gletscher<\/a> Tirols samt Rifflsee!<\/strong> Die Pitztaler Berge inklusive Gletscher sind aber nicht nur zum Ski- oder Snowboardfahren bestens geeignet. Sie k\u00f6nnen hier auch lange <strong>Winterwanderungen<\/strong> erleben, traumhafte Stunden beim <strong>Langlaufen<\/strong> verbringen, <strong>Rodeln<\/strong>, <strong>Schneeschuhwandern<\/strong>, <strong>Skitouren gehen<\/strong> und vieles mehr. Alle Bergbahnen (Hochzeiger, Pitztaler Gletscher und Rifflsee) bieten spezielle Erm\u00e4\u00dfigungen f\u00fcr Kinder und Pisten in allen Schwierigkeitsgraden an.<\/p>\n<p><a href=\"http:\/\/www.brigitte-pitztal.at\/wp\/wp-content\/uploads\/2012\/10\/D32_007_001_Plakate_Iceman_210x210_RZ.jpg\"><img loading=\"lazy\" decoding=\"async\" class=\"aligncenter wp-image-664\" src=\"http:\/\/www.brigitte-pitztal.at\/wp\/wp-content\/uploads\/2012\/10\/D32_007_001_Plakate_Iceman_210x210_RZ.jpg\" alt=\"D32_007_001_Plakate_Iceman_210x210_RZ\" width=\"356\" height=\"356\" srcset=\"https:\/\/www.brigitte-pitztal.at\/wp\/wp-content\/uploads\/2012\/10\/D32_007_001_Plakate_Iceman_210x210_RZ.jpg 2481w, https:\/\/www.brigitte-pitztal.at\/wp\/wp-content\/uploads\/2012\/10\/D32_007_001_Plakate_Iceman_210x210_RZ-150x150.jpg 150w, https:\/\/www.brigitte-pitztal.at\/wp\/wp-content\/uploads\/2012\/10\/D32_007_001_Plakate_Iceman_210x210_RZ-300x300.jpg 300w, https:\/\/www.brigitte-pitztal.at\/wp\/wp-content\/uploads\/2012\/10\/D32_007_001_Plakate_Iceman_210x210_RZ-1024x1024.jpg 1024w\" sizes=\"(max-width: 356px) 100vw, 356px\" \/><\/a><\/p>\n<\/div>\n<\/div><\/div><\/div><\/div><\/div>","protected":false},"excerpt":{"rendered":"<p>Das Pitztal ist die ideale Region f\u00fcr einen erholsamen, sportlichen und atemberaubenden Winterurlaub. Genie\u00dfen Sie das familienfreundliche Skigebiet am Hochzeiger [&hellip;]<\/p>\n","protected":false},"author":1,"featured_media":0,"parent":0,"menu_order":0,"comment_status":"closed","ping_status":"closed","template":"","meta":{"footnotes":""},"_links":{"self":[{"href":"https:\/\/www.brigitte-pitztal.at\/wp\/wp-json\/wp\/v2\/pages\/39"}],"collection":[{"href":"https:\/\/www.brigitte-pitztal.at\/wp\/wp-json\/wp\/v2\/pages"}],"about":[{"href":"https:\/\/www.brigitte-pitztal.at\/wp\/wp-json\/wp\/v2\/types\/page"}],"author":[{"embeddable":true,"href":"https:\/\/www.brigitte-pitztal.at\/wp\/wp-json\/wp\/v2\/users\/1"}],"replies":[{"embeddable":true,"href":"https:\/\/www.brigitte-pitztal.at\/wp\/wp-json\/wp\/v2\/comments?post=39"}],"version-history":[{"count":28,"href":"https:\/\/www.brigitte-pitztal.at\/wp\/wp-json\/wp\/v2\/pages\/39\/revisions"}],"predecessor-version":[{"id":4241,"href":"https:\/\/www.brigitte-pitztal.at\/wp\/wp-json\/wp\/v2\/pages\/39\/revisions\/4241"}],"wp:attachment":[{"href":"https:\/\/www.brigitte-pitztal.at\/wp\/wp-json\/wp\/v2\/media?parent=39"}],"curies":[{"name":"wp","href":"https:\/\/api.w.org\/{rel}","templated":true}]}}